{"id":13,"date":"2025-07-31T22:20:17","date_gmt":"2025-07-31T20:20:17","guid":{"rendered":"https:\/\/3cloud.de\/?page_id=13"},"modified":"2025-07-31T22:58:35","modified_gmt":"2025-07-31T20:58:35","slug":"impressum","status":"publish","type":"page","link":"https:\/\/3cloud.de\/?page_id=13","title":{"rendered":""},"content":{"rendered":"\n<p class=\"has-small-font-size\"><a href=\"https:\/\/drei-g.de\">3G Mobile Communication GmbH<\/a><br>S\u00fcdring 52<br>63834 Sulzbach am Main<\/p>\n\n\n\n<p class=\"has-small-font-size\">Gesch\u00e4ftsf\u00fchrender Gesellschafter: Alexander Gr\u00fcnder<\/p>\n\n\n\n<p class=\"has-small-font-size\">Registergericht: Amtsgericht Aschaffenburg<br>Registernummer: HRB 8564<br>Umsatzsteuer-Identifikationsnummer gem\u00e4\u00df \u00a7 27a Umsatzsteuergesetz: DE 224017234<br>Registrierungsnummer laut deutschem Verpackungsgesetz: DE 3653054182850<\/p>\n\n\n\n<p class=\"has-small-font-size\">Inhaltlich Verantwortlicher: Alexander Gr\u00fcnder (Anschrift wie oben)<\/p>\n\n\n\n<p class=\"has-small-font-size\">e-Mail <a href=\"mailto:info@drei-g.de\">info(at)drei-g.de<\/a><\/p>\n\n\n\n<p class=\"has-small-font-size\">Telefon +49 (0)6021 \u2013 325100<br>Telefax +49 (0)6021 \u2013 325101<\/p>\n\n\n\n<p class=\"has-small-font-size\">Termine nach Vereinbarung<\/p>\n","protected":false},"excerpt":{"rendered":"<p>3G Mobile Communication GmbHS\u00fcdring 5263834 Sulzbach am Main Gesch\u00e4ftsf\u00fchrender Gesellschafter: Alexander Gr\u00fcnder Registergericht: Amtsgericht AschaffenburgRegisternummer: HRB 8564Umsatzsteuer-Identifikationsnummer gem\u00e4\u00df \u00a7 27a Umsatzsteuergesetz: DE 224017234Registrierungsnummer laut deutschem Verpackungsgesetz: DE 3653054182850 Inhaltlich Verantwortlicher: Alexander Gr\u00fcnder (Anschrift wie oben) e-Mail info(at)drei-g.de Telefon +49 (0)6021 \u2013 325100Telefax +49 (0)6021 \u2013 325101 Termine nach Vereinbarung<\/p>\n","protected":false},"author":1,"featured_media":0,"parent":0,"menu_order":0,"comment_status":"closed","ping_status":"closed","template":"","meta":{"footnotes":""},"class_list":["post-13","page","type-page","status-publish","hentry"],"jetpack_sharing_enabled":true,"_links":{"self":[{"href":"https:\/\/3cloud.de\/index.php?rest_route=\/wp\/v2\/pages\/13","targetHints":{"allow":["GET"]}}],"collection":[{"href":"https:\/\/3cloud.de\/index.php?rest_route=\/wp\/v2\/pages"}],"about":[{"href":"https:\/\/3cloud.de\/index.php?rest_route=\/wp\/v2\/types\/page"}],"author":[{"embeddable":true,"href":"https:\/\/3cloud.de\/index.php?rest_route=\/wp\/v2\/users\/1"}],"replies":[{"embeddable":true,"href":"https:\/\/3cloud.de\/index.php?rest_route=%2Fwp%2Fv2%2Fcomments&post=13"}],"version-history":[{"count":2,"href":"https:\/\/3cloud.de\/index.php?rest_route=\/wp\/v2\/pages\/13\/revisions"}],"predecessor-version":[{"id":24,"href":"https:\/\/3cloud.de\/index.php?rest_route=\/wp\/v2\/pages\/13\/revisions\/24"}],"wp:attachment":[{"href":"https:\/\/3cloud.de\/index.php?rest_route=%2Fwp%2Fv2%2Fmedia&parent=13"}],"curies":[{"name":"wp","href":"https:\/\/api.w.org\/{rel}","templated":true}]}}